{"id":19,"date":"2019-12-15T11:49:25","date_gmt":"2019-12-15T11:49:25","guid":{"rendered":"https:\/\/pump-performance.com\/index.php\/home\/"},"modified":"2022-10-13T13:33:54","modified_gmt":"2022-10-13T11:33:54","slug":"home","status":"publish","type":"page","link":"https:\/\/pump-performance.com\/","title":{"rendered":"pump-performance | Formation, Coachin &#038; Pr\u00e9paration Mentale pour le monde de l&rsquo;entreprise et de la performance individuelle"},"content":{"rendered":"<div id=\"cs-content\" class=\"cs-content\"><\/div>\n","protected":false},"excerpt":{"rendered":"<p>Formation, Coaching &amp; Pr\u00e9paration mentale Parce que sur le terrain de jeu des \u00e9motions, notre couleur de maillot est unique, faisons de l&rsquo;intelligence du c\u0153ur notre meilleur partenaire. \u00ab\u00a0Qui suis-je ?\u00a0\u00bb Voil\u00e0 une excellente question ! Ma conviction :\u00a0Votre authenticit\u00e9 est gage de votre performance et votre s\u00e9r\u00e9nit\u00e9. Formation, coaching, pr\u00e9paration mentale, coh\u00e9rence cardiaque\u2026 diff\u00e9rentes approches pour vous accompagner dans &#8230; <a href=\"https:\/\/pump-performance.com\/\" class=\"more-link\">Read More<\/a><\/p>\n","protected":false},"author":1,"featured_media":0,"parent":0,"menu_order":0,"comment_status":"closed","ping_status":"closed","template":"template-blank-4.php","meta":{"footnotes":""},"class_list":["post-19","page","type-page","status-publish","hentry","no-post-thumbnail"],"yoast_head":"<!-- This site is optimized with the Yoast SEO plugin v27.3 - https:\/\/yoast.com\/product\/yoast-seo-wordpress\/ -->\n<title>pump-performance | Formation, Coachin &amp; Pr\u00e9paration Mentale pour le monde de l&#039;entreprise et de la performance individuelle - PUMP PERFORMANCE<\/title>\n<meta name=\"robots\" content=\"index, follow, max-snippet:-1, max-image-preview:large, max-video-preview:-1\" \/>\n<link rel=\"canonical\" href=\"https:\/\/pump-performance.com\/\" \/>\n<meta property=\"og:locale\" content=\"fr_FR\" \/>\n<meta property=\"og:type\" content=\"article\" \/>\n<meta property=\"og:title\" content=\"pump-performance | Formation, Coachin &amp; Pr\u00e9paration Mentale pour le monde de l&#039;entreprise et de la performance individuelle - PUMP PERFORMANCE\" \/>\n<meta property=\"og:description\" content=\"Formation, Coaching &amp; Pr\u00e9paration mentale Parce que sur le terrain de jeu des \u00e9motions, notre couleur de maillot est unique, faisons de l&#039;intelligence du c\u0153ur notre meilleur partenaire. &quot;Qui suis-je ?&quot; Voil\u00e0 une excellente question ! Ma conviction :\u00a0Votre authenticit\u00e9 est gage de votre performance et votre s\u00e9r\u00e9nit\u00e9. Formation, coaching, pr\u00e9paration mentale, coh\u00e9rence cardiaque\u2026 diff\u00e9rentes approches pour vous accompagner dans ... Read More\" \/>\n<meta property=\"og:url\" content=\"https:\/\/pump-performance.com\/\" \/>\n<meta property=\"og:site_name\" content=\"PUMP PERFORMANCE\" \/>\n<meta property=\"article:modified_time\" content=\"2022-10-13T11:33:54+00:00\" \/>\n<meta name=\"twitter:card\" content=\"summary_large_image\" \/>\n<meta name=\"twitter:label1\" content=\"Dur\u00e9e de lecture estim\u00e9e\" \/>\n\t<meta name=\"twitter:data1\" content=\"2 minutes\" \/>\n<script type=\"application\/ld+json\" class=\"yoast-schema-graph\">{\"@context\":\"https:\\\/\\\/schema.org\",\"@graph\":[{\"@type\":\"WebPage\",\"@id\":\"https:\\\/\\\/pump-performance.com\\\/\",\"url\":\"https:\\\/\\\/pump-performance.com\\\/\",\"name\":\"pump-performance | Formation, Coachin & Pr\u00e9paration Mentale pour le monde de l'entreprise et de la performance individuelle - PUMP PERFORMANCE\",\"isPartOf\":{\"@id\":\"https:\\\/\\\/pump-performance.com\\\/#website\"},\"datePublished\":\"2019-12-15T11:49:25+00:00\",\"dateModified\":\"2022-10-13T11:33:54+00:00\",\"breadcrumb\":{\"@id\":\"https:\\\/\\\/pump-performance.com\\\/#breadcrumb\"},\"inLanguage\":\"fr-FR\",\"potentialAction\":[{\"@type\":\"ReadAction\",\"target\":[\"https:\\\/\\\/pump-performance.com\\\/\"]}]},{\"@type\":\"BreadcrumbList\",\"@id\":\"https:\\\/\\\/pump-performance.com\\\/#breadcrumb\",\"itemListElement\":[{\"@type\":\"ListItem\",\"position\":1,\"name\":\"Accueil\",\"item\":\"https:\\\/\\\/pump-performance.com\\\/\"},{\"@type\":\"ListItem\",\"position\":2,\"name\":\"pump-performance | Formation, Coachin &#038; Pr\u00e9paration Mentale pour le monde de l&rsquo;entreprise et de la performance individuelle\"}]},{\"@type\":\"WebSite\",\"@id\":\"https:\\\/\\\/pump-performance.com\\\/#website\",\"url\":\"https:\\\/\\\/pump-performance.com\\\/\",\"name\":\"PUMP PERFORMANCE\",\"description\":\"Formation &amp; Coaching mental pour le monde de l&#039;entreprise et de la performance individuelle\",\"potentialAction\":[{\"@type\":\"SearchAction\",\"target\":{\"@type\":\"EntryPoint\",\"urlTemplate\":\"https:\\\/\\\/pump-performance.com\\\/?s={search_term_string}\"},\"query-input\":{\"@type\":\"PropertyValueSpecification\",\"valueRequired\":true,\"valueName\":\"search_term_string\"}}],\"inLanguage\":\"fr-FR\"}]}<\/script>\n<!-- \/ Yoast SEO plugin. -->","yoast_head_json":{"title":"pump-performance | Formation, Coachin & Pr\u00e9paration Mentale pour le monde de l'entreprise et de la performance individuelle - PUMP PERFORMANCE","robots":{"index":"index","follow":"follow","max-snippet":"max-snippet:-1","max-image-preview":"max-image-preview:large","max-video-preview":"max-video-preview:-1"},"canonical":"https:\/\/pump-performance.com\/","og_locale":"fr_FR","og_type":"article","og_title":"pump-performance | Formation, Coachin & Pr\u00e9paration Mentale pour le monde de l'entreprise et de la performance individuelle - PUMP PERFORMANCE","og_description":"Formation, Coaching &amp; Pr\u00e9paration mentale Parce que sur le terrain de jeu des \u00e9motions, notre couleur de maillot est unique, faisons de l'intelligence du c\u0153ur notre meilleur partenaire. \"Qui suis-je ?\" Voil\u00e0 une excellente question ! Ma conviction :\u00a0Votre authenticit\u00e9 est gage de votre performance et votre s\u00e9r\u00e9nit\u00e9. Formation, coaching, pr\u00e9paration mentale, coh\u00e9rence cardiaque\u2026 diff\u00e9rentes approches pour vous accompagner dans ... Read More","og_url":"https:\/\/pump-performance.com\/","og_site_name":"PUMP PERFORMANCE","article_modified_time":"2022-10-13T11:33:54+00:00","twitter_card":"summary_large_image","twitter_misc":{"Dur\u00e9e de lecture estim\u00e9e":"2 minutes"},"schema":{"@context":"https:\/\/schema.org","@graph":[{"@type":"WebPage","@id":"https:\/\/pump-performance.com\/","url":"https:\/\/pump-performance.com\/","name":"pump-performance | Formation, Coachin & Pr\u00e9paration Mentale pour le monde de l'entreprise et de la performance individuelle - PUMP PERFORMANCE","isPartOf":{"@id":"https:\/\/pump-performance.com\/#website"},"datePublished":"2019-12-15T11:49:25+00:00","dateModified":"2022-10-13T11:33:54+00:00","breadcrumb":{"@id":"https:\/\/pump-performance.com\/#breadcrumb"},"inLanguage":"fr-FR","potentialAction":[{"@type":"ReadAction","target":["https:\/\/pump-performance.com\/"]}]},{"@type":"BreadcrumbList","@id":"https:\/\/pump-performance.com\/#breadcrumb","itemListElement":[{"@type":"ListItem","position":1,"name":"Accueil","item":"https:\/\/pump-performance.com\/"},{"@type":"ListItem","position":2,"name":"pump-performance | Formation, Coachin &#038; Pr\u00e9paration Mentale pour le monde de l&rsquo;entreprise et de la performance individuelle"}]},{"@type":"WebSite","@id":"https:\/\/pump-performance.com\/#website","url":"https:\/\/pump-performance.com\/","name":"PUMP PERFORMANCE","description":"Formation &amp; Coaching mental pour le monde de l&#039;entreprise et de la performance individuelle","potentialAction":[{"@type":"SearchAction","target":{"@type":"EntryPoint","urlTemplate":"https:\/\/pump-performance.com\/?s={search_term_string}"},"query-input":{"@type":"PropertyValueSpecification","valueRequired":true,"valueName":"search_term_string"}}],"inLanguage":"fr-FR"}]}},"_links":{"self":[{"href":"https:\/\/pump-performance.com\/index.php\/wp-json\/wp\/v2\/pages\/19","targetHints":{"allow":["GET"]}}],"collection":[{"href":"https:\/\/pump-performance.com\/index.php\/wp-json\/wp\/v2\/pages"}],"about":[{"href":"https:\/\/pump-performance.com\/index.php\/wp-json\/wp\/v2\/types\/page"}],"author":[{"embeddable":true,"href":"https:\/\/pump-performance.com\/index.php\/wp-json\/wp\/v2\/users\/1"}],"replies":[{"embeddable":true,"href":"https:\/\/pump-performance.com\/index.php\/wp-json\/wp\/v2\/comments?post=19"}],"version-history":[{"count":48,"href":"https:\/\/pump-performance.com\/index.php\/wp-json\/wp\/v2\/pages\/19\/revisions"}],"predecessor-version":[{"id":324,"href":"https:\/\/pump-performance.com\/index.php\/wp-json\/wp\/v2\/pages\/19\/revisions\/324"}],"wp:attachment":[{"href":"https:\/\/pump-performance.com\/index.php\/wp-json\/wp\/v2\/media?parent=19"}],"curies":[{"name":"wp","href":"https:\/\/api.w.org\/{rel}","templated":true}]}}